{"id":2920,"date":"2022-11-27T19:04:07","date_gmt":"2022-11-27T18:04:07","guid":{"rendered":"https:\/\/www.tissushop.fr\/blog\/?page_id=2920"},"modified":"2023-05-23T13:57:01","modified_gmt":"2023-05-23T11:57:01","slug":"plan-de-site","status":"publish","type":"page","link":"https:\/\/www.tissushop.fr\/blog\/plan-de-site\/","title":{"rendered":"Plan de site"},"content":{"rendered":"<div class=\"wrap-html-sitemap sp-html-sitemap\"><div class=\"sp-wrap-cpt\"><h2 class=\"sp-cpt-name\">Articles<\/h2><div class=\"sp-wrap-cats\"><div class=\"sp-wrap-cat\"><h3 class=\"sp-cat-name\"><a href=\"https:\/\/www.tissushop.fr\/blog\/tout-savoir-tissu\/\">Tout savoir sur le tissu<\/a><\/h3><ul class=\"sp-list-posts\"><li><a href=\"https:\/\/www.tissushop.fr\/blog\/les-tissus-exotiques\/\">Les tissus exotiques<\/a><\/li><li><a href=\"https:\/\/www.tissushop.fr\/blog\/histoire-du-wax\/\">Histoire du Wax<\/a><\/li><li><a href=\"https:\/\/www.tissushop.fr\/blog\/les-tissus-africain-la-cuture-de-lafrique\/\">Les tissus Africains<\/a><\/li><li><a href=\"https:\/\/www.tissushop.fr\/blog\/comment-reconnaitre-tissu-wax\/\">Comment reconna\u00eetre un tissu wax de qualit\u00e9\u00a0?<\/a><\/li><li><a href=\"https:\/\/www.tissushop.fr\/blog\/trouver-tissu-wax-qualite\/\">O\u00f9 trouver du tissu wax de qualit\u00e9 : guide d\u2019achat en ligne et en boutique<\/a><\/li><li><a href=\"https:\/\/www.tissushop.fr\/blog\/tissu-wax-africain-couture\/\">Et si vous achetiez du tissu wax africain pour vos cr\u00e9ations en couture\u2009?\u00a0<\/a><\/li><li><a href=\"https:\/\/www.tissushop.fr\/blog\/erreur-archat-tissu-wax\/\">Guide pour \u00e9viter les erreurs courantes lors de l&rsquo;achat de tissu wax<\/a><\/li><li><a href=\"https:\/\/www.tissushop.fr\/blog\/comment-reconnaitre-type-de-tissu\/\">Comment reconna\u00eetre le type de tissu ?<\/a><\/li><li><a href=\"https:\/\/www.tissushop.fr\/blog\/fabrication-tissu-wax\/\">Comment est fabriqu\u00e9 le tissu wax : une tradition et un savoir-faire unique<\/a><\/li><li><a href=\"https:\/\/www.tissushop.fr\/blog\/comparatif-tissus-africains\/\">Comparatif des tissus africains\u00a0: guide des textiles traditionnels<\/a><\/li><li><a href=\"https:\/\/www.tissushop.fr\/blog\/utilisations-tissu-wax\/\">Les utilisations du tissu wax : mille usages entre tradition et modernit\u00e9<\/a><\/li><li><a href=\"https:\/\/www.tissushop.fr\/blog\/wax-environnement\/\">Wax et environnement\u00a0: enjeux et alternatives durables<\/a><\/li><li><a href=\"https:\/\/www.tissushop.fr\/blog\/pagne-wax\/\">Le pagne wax\u00a0: histoire, signification et tendances de la mode africaine<\/a><\/li><li><a href=\"https:\/\/www.tissushop.fr\/blog\/comment-choisir-motif-wax\/\">Comment choisir le bon motif de wax pour vos cr\u00e9ations\u2009?<\/a><\/li><li><a href=\"https:\/\/www.tissushop.fr\/blog\/wax-haute-couture\/\">Wax en haute couture : fusion entre tradition et modernit\u00e9<\/a><\/li><li><a href=\"https:\/\/www.tissushop.fr\/blog\/accessoires-wax-diy\/\">Accessoires en wax DIY : id\u00e9es pour cr\u00e9er vos propres pi\u00e8ces uniques<\/a><\/li><li><a href=\"https:\/\/www.tissushop.fr\/blog\/guides-couture-tissu\/\">Guides couture et tissu<\/a><\/li><li><a href=\"https:\/\/www.tissushop.fr\/blog\/est-ce-que-la-toile-de-jute-se-lave\/\">Est-ce que la toile de jute se lave ?<\/a><\/li><li><a href=\"https:\/\/www.tissushop.fr\/blog\/kit-masque-tissu-coronavirus\/\">Tout savoir sur les kits masques en tissu ANTI-CORONAVIRUS<\/a><\/li><li><a href=\"https:\/\/www.tissushop.fr\/blog\/le-sac-en-toile-de-jute-pour-pommes-de-terre-toute-une-histoire\/\">Le sac en toile de jute pour pommes de terre : toute une histoire !<\/a><\/li><li><a href=\"https:\/\/www.tissushop.fr\/blog\/lhistoire-du-jute\/\">Tout savoir sur les origines de la toile de jute, de la fibre \u00e0 la toile<\/a><\/li><li><a href=\"https:\/\/www.tissushop.fr\/blog\/culture-jute\/\">De quelle plante provient la toile de jute ?<\/a><\/li><li><a href=\"https:\/\/www.tissushop.fr\/blog\/les-utilisations-de-la-jute\/\">Que peut on faire avec de la toile de jute ?<\/a><\/li><li><a href=\"https:\/\/www.tissushop.fr\/blog\/fabrication-toile-de-jute\/\">Tout savoir sur la fabrication de la toile de jute<\/a><\/li><li><a href=\"https:\/\/www.tissushop.fr\/blog\/quelle-est-la-matiere-de-la-toile-de-jute\/\">Quelle est la mati\u00e8re de la toile de jute ?<\/a><\/li><li><a href=\"https:\/\/www.tissushop.fr\/blog\/comment-laver-tissu-en-lin\/\">Comment laver un tissu en lin\u2009?<\/a><\/li><li><a href=\"https:\/\/www.tissushop.fr\/blog\/univers-du-lin-fibre-naturelle-transformation-tissu-exception\/\">Plong\u00e9e dans l&rsquo;univers du lin : de la fibre naturelle \u00e0 sa transformation en tissu d&rsquo;exception pour toutes les utilisations<\/a><\/li><li><a href=\"https:\/\/www.tissushop.fr\/blog\/toile-de-lin-guide-complet-passionnes-de-tissus\/\">Tout savoir sur la toile de lin : un guide complet pour les passionn\u00e9s de tissus<\/a><\/li><li><a href=\"https:\/\/www.tissushop.fr\/blog\/ou-trouver-toile-de-lin\/\">O\u00f9 trouver de la toile de lin\u2009?<\/a><\/li><li><a href=\"https:\/\/www.tissushop.fr\/blog\/lin-lave-tissu-tendance-authentique\/\">Le lin lav\u00e9, un tissu tendance et authentique<\/a><\/li><li><a href=\"https:\/\/www.tissushop.fr\/blog\/guide-complet-preparer-toile-de-lin-peindre\/\">Guide complet pour pr\u00e9parer une toile de lin pour peindre<\/a><\/li><li><a href=\"https:\/\/www.tissushop.fr\/blog\/difference-entre-lin-lave-guide\/\">Diff\u00e9rence entre lin et lin lav\u00e9\u00a0: un guide d\u00e9taill\u00e9 pour tout savoir\u2009!<\/a><\/li><li><a href=\"https:\/\/www.tissushop.fr\/blog\/comment-teindre-tissu-en-lin\/\">Comment teindre un tissu en lin ?<\/a><\/li><li><a href=\"https:\/\/www.tissushop.fr\/blog\/comment-peindre-sur-toile-de-lin\/\">Comment peindre sur de la toile de lin ?<\/a><\/li><li><a href=\"https:\/\/www.tissushop.fr\/blog\/comment-nettoyer-tissu-en-lin\/\">Comment nettoyer un tissu en lin ?<\/a><\/li><li><a href=\"https:\/\/www.tissushop.fr\/blog\/comment-laver-lin-machine-secrets-nettoyage-parfait\/\">Comment laver le lin en machine\u2009? Les secrets d\u2019un nettoyage parfait<\/a><\/li><li><a href=\"https:\/\/www.tissushop.fr\/blog\/toile-de-jute-guide\/\">Grand dossier sur la toile de jute<\/a><\/li><li><a href=\"https:\/\/www.tissushop.fr\/blog\/quel-tissu-pour-mes-rideaux-choix-du-tissu-ideal-pour-faire-ses-rideaux\/\">Comment choisir et quel est le tissu id\u00e9al pour faire mes rideaux ?<\/a><\/li><li><a href=\"https:\/\/www.tissushop.fr\/blog\/quel-type-dattache-rideaux-choisir-le-guide-ultime-des-fixations-rideaux\/\">Quel type d&rsquo;attache rideaux choisir ? Le guide des fixations rideaux<\/a><\/li><li><a href=\"https:\/\/www.tissushop.fr\/blog\/toile-de-jute-materiau-naturel-authentique-une-decoration-chaleureuse\/\">La toile de jute : mat\u00e9riau naturel pour une d\u00e9coration chaleureuse<\/a><\/li><li><a href=\"https:\/\/www.tissushop.fr\/blog\/tissu-ameublement\/\">Les tissus d&rsquo;ameublement<\/a><\/li><li><a href=\"https:\/\/www.tissushop.fr\/blog\/quelle-toile-pour-refaire-un-matelas\/\">Quelle toile pour refaire un matelas ? Le guide des toiles de matelas<\/a><\/li><li><a href=\"https:\/\/www.tissushop.fr\/blog\/les-tissus-dhabillement\/\">Tout savoir sur les tissus d&rsquo;habillement<\/a><\/li><li><a href=\"https:\/\/www.tissushop.fr\/blog\/guide-des-tailles\/\">Guide des tailles<\/a><\/li><li><a href=\"https:\/\/www.tissushop.fr\/blog\/quelle-peinture-utiliser-pour-peindre-toile-jute\/\">Quelle peinture utiliser pour peindre la toile de jute ?<\/a><\/li><li><a href=\"https:\/\/www.tissushop.fr\/blog\/peut-on-peindre-de-la-toile-de-jute\/\">Peut-on peindre de la toile de jute ?<\/a><\/li><li><a href=\"https:\/\/www.tissushop.fr\/blog\/les-sacs-toile-jute-et-cafe\/\">Les sacs en toile de jute et le caf\u00e9<\/a><\/li><li><a href=\"https:\/\/www.tissushop.fr\/blog\/quel-tissu-pour-un-canape\/\">Quel tissu pour un canap\u00e9 ? Choix du tissu pour un canap\u00e9<\/a><\/li><li><a href=\"https:\/\/www.tissushop.fr\/blog\/quel-tissu-d-ameublement-pour-refaire-un-fauteuil\/\">Quel tissu d&rsquo;ameublement pour refaire un fauteuil ?<\/a><\/li><li><a href=\"https:\/\/www.tissushop.fr\/blog\/quel-tissu-tapisser-pour-refaire-un-fauteuil\/\">Quel tissu tapisser pour refaire un fauteuil ?<\/a><\/li><li><a href=\"https:\/\/www.tissushop.fr\/blog\/tout-savoir-sur-le-wax\/\">Tout savoir sur le WAX<\/a><\/li><li><a href=\"https:\/\/www.tissushop.fr\/blog\/chemin-de-table-en-toile-de-jute\/\">Le chemin de table en toile de jute<\/a><\/li><li><a href=\"https:\/\/www.tissushop.fr\/blog\/sac-en-toile-de-jute\/\">Les sacs en toile de jute<\/a><\/li><li><a href=\"https:\/\/www.tissushop.fr\/blog\/comment-restaurer-ses-meubles\/\">Comment restaurer ses meubles ?<\/a><\/li><\/ul><\/div><div class=\"sp-wrap-cat\"><h3 class=\"sp-cat-name\"><a href=\"https:\/\/www.tissushop.fr\/blog\/tuto-astuces-couture\/\">Tuto et astuces couture<\/a><\/h3><ul class=\"sp-list-posts\"><li><a href=\"https:\/\/www.tissushop.fr\/blog\/comment-nettoyer-un-tissu-en-toile-de-jute\/\">Comment nettoyer un tissu en toile de jute ?<\/a><\/li><li><a href=\"https:\/\/www.tissushop.fr\/blog\/comment-personnaliser-sac-toile-de-jute\/\">Comment personnaliser son sac en toile de jute ?<\/a><\/li><li><a href=\"https:\/\/www.tissushop.fr\/blog\/nettoyer-tapis-en-jute\/\">Comment nettoyer un tapis en toile de jute ?<\/a><\/li><li><a href=\"https:\/\/www.tissushop.fr\/blog\/7-tutos-couture-de-noel\/\">7 tutos couture de No\u00ebl<\/a><\/li><li><a href=\"https:\/\/www.tissushop.fr\/blog\/comment-fabriquer-un-sac-cabas-en-toile-de-jute\/\">Comment fabriquer un sac cabas en toile de jute ?<\/a><\/li><li><a href=\"https:\/\/www.tissushop.fr\/blog\/tuto-pochette-de-tablette-pc\/\">Tuto Pochette de tablette \/ PC<\/a><\/li><li><a href=\"https:\/\/www.tissushop.fr\/blog\/tuto-etui-a-lunettes\/\">Tuto \u00c9tui \u00e0 lunettes<\/a><\/li><li><a href=\"https:\/\/www.tissushop.fr\/blog\/tuto-eponge-lavable-ecologique\/\">Tuto : \u00e9ponge lavable \u00e9cologique<\/a><\/li><li><a href=\"https:\/\/www.tissushop.fr\/blog\/comment-refaire-un-fauteuil\/\">Comment refaire un fauteuil : le guide de la r\u00e9fection de fauteuil<\/a><\/li><li><a href=\"https:\/\/www.tissushop.fr\/blog\/comment-refaire-un-matelas\/\">Comment refaire un matelas : le guide de la r\u00e9fection de matelas<\/a><\/li><li><a href=\"https:\/\/www.tissushop.fr\/blog\/tuto-kit-masque-tissu-protection\/\">Tuto : Comment Fabriquer son masque de protection gr\u00e2ce \u00e0 notre kit?<\/a><\/li><li><a href=\"https:\/\/www.tissushop.fr\/blog\/13-tutos-couture-accessoires\/\">13 tutos couture pour les accessoires<\/a><\/li><li><a href=\"https:\/\/www.tissushop.fr\/blog\/tuto-housse-de-coussin\/\">Comment confectionner une housse de coussin en toile de jute ?<\/a><\/li><li><a href=\"https:\/\/www.tissushop.fr\/blog\/comment-coudre-de-la-toile-de-jute-un-guide-pratique-pour-tous-les-niveaux\/\">Comment coudre de la toile de jute : notre guide pour tous les niveaux<\/a><\/li><li><a href=\"https:\/\/www.tissushop.fr\/blog\/les-tutos-couture-dhalloween\/\">11 tutos couture pour Halloween<\/a><\/li><li><a href=\"https:\/\/www.tissushop.fr\/blog\/les-tutos-couture-de-la-rentree\/\">11 Tutos couture pour la rentr\u00e9e des classes<\/a><\/li><li><a href=\"https:\/\/www.tissushop.fr\/blog\/comment-refaire-un-canape\/\">Comment refaire un canape ?<\/a><\/li><li><a href=\"https:\/\/www.tissushop.fr\/blog\/11-tutos-couture-pour-les-bebes\/\">11 tutos couture pour les b\u00e9b\u00e9s<\/a><\/li><li><a href=\"https:\/\/www.tissushop.fr\/blog\/10-tutos-pour-coudre-avec-ses-enfants\/\">10 Tutos pour coudre avec ses enfants<\/a><\/li><li><a href=\"https:\/\/www.tissushop.fr\/blog\/comment-faire-un-coussin-guide-ultime-de-la-fabrication-de-coussin\/\">Comment faire un coussin ? Guide ultime de la fabrication de coussin<\/a><\/li><li><a href=\"https:\/\/www.tissushop.fr\/blog\/tous-les-tutos-couture-deco\/\">Tous les tutos couture d\u00e9co<\/a><\/li><li><a href=\"https:\/\/www.tissushop.fr\/blog\/tutos-coutures-tout-ce-quil-faut-pour-apprendre-a-coudre\/\">Tutos couture &#8211; tout ce qu\u2019il faut pour apprendre \u00e0 coudre<\/a><\/li><li><a href=\"https:\/\/www.tissushop.fr\/blog\/comment-faire-des-rideaux-le-guide-de-couture-de-rideaux\/\">Comment faire des rideaux ? Le guide de couture de rideaux<\/a><\/li><li><a href=\"https:\/\/www.tissushop.fr\/blog\/tous-les-tutos-coutures-linge-de-maison\/\">Tous les tutos couture Linge de maison<\/a><\/li><li><a href=\"https:\/\/www.tissushop.fr\/blog\/comment-fabriquer-des-ronds-de-serviette-en-toile-de-jute\/\">Comment fabriquer des ronds de serviette en toile de jute ?<\/a><\/li><li><a href=\"https:\/\/www.tissushop.fr\/blog\/tuto-comment-personnaliser-son-sac-de-noel\/\">Tuto comment personnaliser son sac de no\u00ebl<\/a><\/li><li><a href=\"https:\/\/www.tissushop.fr\/blog\/comment-coller-de-la-toile-de-jute-sur-un-mur\/\">Comment coller de la toile de jute sur un mur ?<\/a><\/li><li><a href=\"https:\/\/www.tissushop.fr\/blog\/comment-nettoyer-vieux-sac-toile-jute\/\">Comment nettoyer un vieux sac en toile de jute ?<\/a><\/li><\/ul><\/div><\/div><\/div><\/div>\n","protected":false},"excerpt":{"rendered":"","protected":false},"author":4,"featured_media":0,"parent":0,"menu_order":0,"comment_status":"closed","ping_status":"closed","template":"","meta":{"_seopress_robots_primary_cat":"","_seopress_titles_title":"Plan de site du blog de Tisssushop","_seopress_titles_desc":"D\u00e9couvrez le plan de site de Tissushop. Toutes les pages du blog de Tissushop sont pr\u00e9sentes ici.","_seopress_robots_index":"","footnotes":""},"class_list":{"0":"post-2920","1":"page","2":"type-page","3":"status-publish","5":"no-featured-image-padding"},"_links":{"self":[{"href":"https:\/\/www.tissushop.fr\/blog\/wp-json\/wp\/v2\/pages\/2920","targetHints":{"allow":["GET"]}}],"collection":[{"href":"https:\/\/www.tissushop.fr\/blog\/wp-json\/wp\/v2\/pages"}],"about":[{"href":"https:\/\/www.tissushop.fr\/blog\/wp-json\/wp\/v2\/types\/page"}],"author":[{"embeddable":true,"href":"https:\/\/www.tissushop.fr\/blog\/wp-json\/wp\/v2\/users\/4"}],"replies":[{"embeddable":true,"href":"https:\/\/www.tissushop.fr\/blog\/wp-json\/wp\/v2\/comments?post=2920"}],"version-history":[{"count":4,"href":"https:\/\/www.tissushop.fr\/blog\/wp-json\/wp\/v2\/pages\/2920\/revisions"}],"predecessor-version":[{"id":4577,"href":"https:\/\/www.tissushop.fr\/blog\/wp-json\/wp\/v2\/pages\/2920\/revisions\/4577"}],"wp:attachment":[{"href":"https:\/\/www.tissushop.fr\/blog\/wp-json\/wp\/v2\/media?parent=2920"}],"curies":[{"name":"wp","href":"https:\/\/api.w.org\/{rel}","templated":true}]}}